{"id":2378,"date":"2019-05-11T12:10:39","date_gmt":"2019-05-11T10:10:39","guid":{"rendered":"https:\/\/www.lodesanalab.it\/?page_id=2378"},"modified":"2024-01-26T17:42:27","modified_gmt":"2024-01-26T16:42:27","slug":"media-intensita","status":"publish","type":"page","link":"https:\/\/www.lodesanalab.it\/index.php\/media-intensita\/","title":{"rendered":"Media intensit\u00e0"},"content":{"rendered":"\t\t<div data-elementor-type=\"wp-page\" data-elementor-id=\"2378\" class=\"elementor elementor-2378\">\n\t\t\t\t\t\t<section class=\"elementor-section elementor-top-section elementor-element elementor-element-682b25ff elementor-section-full_width elementor-section-height-min-height elementor-section-height-default elementor-section-items-middle qodef-elementor-content-no\" data-id=\"682b25ff\" data-element_type=\"section\" data-settings=\"{&quot;background_background&quot;:&quot;slideshow&quot;,&quot;background_slideshow_gallery&quot;:[],&quot;background_slideshow_loop&quot;:&quot;yes&quot;,&quot;background_slideshow_slide_duration&quot;:5000,&quot;background_slideshow_slide_transition&quot;:&quot;fade&quot;,&quot;background_slideshow_transition_duration&quot;:500}\">\n\t\t\t\t\t\t\t<div class=\"elementor-background-overlay\"><\/div>\n\t\t\t\t\t\t\t<div class=\"elementor-container elementor-column-gap-default\">\n\t\t\t\t\t<div class=\"elementor-column elementor-col-100 elementor-top-column elementor-element elementor-element-2467d2ee\" data-id=\"2467d2ee\" data-element_type=\"column\">\n\t\t\t<div class=\"elementor-widget-wrap\">\n\t\t\t\t\t\t\t<\/div>\n\t\t<\/div>\n\t\t\t\t\t<\/div>\n\t\t<\/section>\n\t\t\t\t<section class=\"elementor-section elementor-top-section elementor-element elementor-element-114b9453 elementor-section-boxed elementor-section-height-default elementor-section-height-default qodef-elementor-content-no\" data-id=\"114b9453\" data-element_type=\"section\" data-settings=\"{&quot;background_background&quot;:&quot;classic&quot;}\">\n\t\t\t\t\t\t<div class=\"elementor-container elementor-column-gap-default\">\n\t\t\t\t\t<div class=\"elementor-column elementor-col-100 elementor-top-column elementor-element elementor-element-418c0c62\" data-id=\"418c0c62\" data-element_type=\"column\">\n\t\t\t<div class=\"elementor-widget-wrap elementor-element-populated\">\n\t\t\t\t\t\t<div class=\"elementor-element elementor-element-41acbe13 elementor-widget elementor-widget-heading\" data-id=\"41acbe13\" data-element_type=\"widget\" data-widget_type=\"heading.default\">\n\t\t\t\t<div class=\"elementor-widget-container\">\n\t\t\t\t\t<h1 class=\"elementor-heading-title elementor-size-default\">MEDIA INTENSIT\u00e0<\/h1>\t\t\t\t<\/div>\n\t\t\t\t<\/div>\n\t\t\t\t\t<\/div>\n\t\t<\/div>\n\t\t\t\t\t<\/div>\n\t\t<\/section>\n\t\t\t\t<section class=\"elementor-section elementor-top-section elementor-element elementor-element-557512fc elementor-section-boxed elementor-section-height-default elementor-section-height-default qodef-elementor-content-no\" data-id=\"557512fc\" data-element_type=\"section\">\n\t\t\t\t\t\t<div class=\"elementor-container elementor-column-gap-default\">\n\t\t\t\t\t<div class=\"elementor-column elementor-col-100 elementor-top-column elementor-element elementor-element-781feb89\" data-id=\"781feb89\" data-element_type=\"column\">\n\t\t\t<div class=\"elementor-widget-wrap elementor-element-populated\">\n\t\t\t\t\t\t<div class=\"elementor-element elementor-element-675b6310 elementor-widget elementor-widget-spacer\" data-id=\"675b6310\" data-element_type=\"widget\" data-widget_type=\"spacer.default\">\n\t\t\t\t<div class=\"elementor-widget-container\">\n\t\t\t\t\t\t\t<div class=\"elementor-spacer\">\n\t\t\t<div class=\"elementor-spacer-inner\"><\/div>\n\t\t<\/div>\n\t\t\t\t\t\t<\/div>\n\t\t\t\t<\/div>\n\t\t\t\t\t<\/div>\n\t\t<\/div>\n\t\t\t\t\t<\/div>\n\t\t<\/section>\n\t\t\t\t<section class=\"elementor-section elementor-top-section elementor-element elementor-element-bcf4cf0 elementor-section-boxed elementor-section-height-default elementor-section-height-default qodef-elementor-content-no\" data-id=\"bcf4cf0\" data-element_type=\"section\">\n\t\t\t\t\t\t<div class=\"elementor-container elementor-column-gap-default\">\n\t\t\t\t\t<div class=\"elementor-column elementor-col-100 elementor-top-column elementor-element elementor-element-73b7a1b\" data-id=\"73b7a1b\" data-element_type=\"column\">\n\t\t\t<div class=\"elementor-widget-wrap elementor-element-populated\">\n\t\t\t\t\t\t<div class=\"elementor-element elementor-element-880f724 elementor-widget elementor-widget-text-editor\" data-id=\"880f724\" data-element_type=\"widget\" data-widget_type=\"text-editor.default\">\n\t\t\t\t<div class=\"elementor-widget-container\">\n\t\t\t\t\t\t\t\t\t<p>Le strutture socio sanitarie a media intensit\u00e0 terapeutica, costituite da diversi appartamenti dislocati sul nostro territorio, rappresentano un livello fondamentale del paradigma di Comunit\u00e0 Terapeutica sistemico-reticolare in continuit\u00e0 con gli altri livelli di intervento. Nello specifico le nostre strutture a media intensit\u00e0 si trovano a <strong>San Giuliano Piacentino, Castione Marchesi, Salsomaggiore Terme Fidenza, Parma citt\u00e0.<\/strong> Alcune di queste strutture sono dedicate ad un accoglienza esclusivamente femminile. Sono dedicate a persone-utenti che, per le loro condizioni sociosanitarie e la scarsa presenza di microsistemi locali di sviluppo economico sociale, richiedono un sostegno a carattere mediativo, attivativo e sussidiario personale e di rete quotidiano, anche se solo in alcune fasce orarie e\/o per determinate attivit\u00e0. Le strutture a media intensit\u00e0 si collocano ad un elevato livello di integrazione nel sistema terapeutico-assistenziale complessivo.<\/p>\t\t\t\t\t\t\t\t<\/div>\n\t\t\t\t<\/div>\n\t\t\t\t\t<\/div>\n\t\t<\/div>\n\t\t\t\t\t<\/div>\n\t\t<\/section>\n\t\t\t\t<section class=\"elementor-section elementor-top-section elementor-element elementor-element-5dbb99de elementor-section-boxed elementor-section-height-default elementor-section-height-default qodef-elementor-content-no\" data-id=\"5dbb99de\" data-element_type=\"section\">\n\t\t\t\t\t\t<div class=\"elementor-container elementor-column-gap-default\">\n\t\t\t\t\t<div class=\"elementor-column elementor-col-100 elementor-top-column elementor-element elementor-element-6d684c89\" data-id=\"6d684c89\" data-element_type=\"column\">\n\t\t\t<div class=\"elementor-widget-wrap elementor-element-populated\">\n\t\t\t\t\t\t<div class=\"elementor-element elementor-element-71472840 elementor-widget elementor-widget-spacer\" data-id=\"71472840\" data-element_type=\"widget\" data-widget_type=\"spacer.default\">\n\t\t\t\t<div class=\"elementor-widget-container\">\n\t\t\t\t\t\t\t<div class=\"elementor-spacer\">\n\t\t\t<div class=\"elementor-spacer-inner\"><\/div>\n\t\t<\/div>\n\t\t\t\t\t\t<\/div>\n\t\t\t\t<\/div>\n\t\t\t\t\t<\/div>\n\t\t<\/div>\n\t\t\t\t\t<\/div>\n\t\t<\/section>\n\t\t\t\t<section class=\"elementor-section elementor-top-section elementor-element elementor-element-597a8fdc elementor-section-boxed elementor-section-height-default elementor-section-height-default qodef-elementor-content-no\" data-id=\"597a8fdc\" data-element_type=\"section\">\n\t\t\t\t\t\t<div class=\"elementor-container elementor-column-gap-default\">\n\t\t\t\t\t<div class=\"elementor-column elementor-col-100 elementor-top-column elementor-element elementor-element-5c2bb170\" data-id=\"5c2bb170\" data-element_type=\"column\">\n\t\t\t<div class=\"elementor-widget-wrap elementor-element-populated\">\n\t\t\t\t\t\t<div class=\"elementor-element elementor-element-7ad16afe elementor-widget elementor-widget-image-carousel\" data-id=\"7ad16afe\" data-element_type=\"widget\" data-settings=\"{&quot;navigation&quot;:&quot;none&quot;,&quot;autoplay&quot;:&quot;yes&quot;,&quot;pause_on_hover&quot;:&quot;yes&quot;,&quot;pause_on_interaction&quot;:&quot;yes&quot;,&quot;autoplay_speed&quot;:5000,&quot;infinite&quot;:&quot;yes&quot;,&quot;speed&quot;:500}\" data-widget_type=\"image-carousel.default\">\n\t\t\t\t<div class=\"elementor-widget-container\">\n\t\t\t\t\t\t\t<div class=\"elementor-image-carousel-wrapper swiper\" role=\"region\" aria-roledescription=\"carousel\" aria-label=\"Carosello d&#039;immagini\" dir=\"ltr\">\n\t\t\t<div class=\"elementor-image-carousel swiper-wrapper\" aria-live=\"off\">\n\t\t\t\t\t\t\t\t<div class=\"swiper-slide\" role=\"group\" aria-roledescription=\"slide\" aria-label=\"1 di 4\"><a data-elementor-open-lightbox=\"yes\" data-elementor-lightbox-slideshow=\"7ad16afe\" data-e-action-hash=\"#elementor-action%3Aaction%3Dlightbox%26settings%3DeyJpZCI6MzE3MywidXJsIjoiaHR0cHM6XC9cL3d3dy5sb2Rlc2FuYWxhYi5pdFwvd3AtY29udGVudFwvdXBsb2Fkc1wvMjAyM1wvMDhcL2ltYWdlMDAwMjMtMS0xLXNjYWxlZC5qcGciLCJzbGlkZXNob3ciOiI3YWQxNmFmZSJ9\" href=\"https:\/\/www.lodesanalab.it\/wp-content\/uploads\/2023\/08\/image00023-1-1-scaled.jpg\"><figure class=\"swiper-slide-inner\"><img decoding=\"async\" class=\"swiper-slide-image\" src=\"https:\/\/www.lodesanalab.it\/wp-content\/uploads\/2023\/08\/image00023-1-1-scaled.jpg\" alt=\"image00023-1\" \/><\/figure><\/a><\/div><div class=\"swiper-slide\" role=\"group\" aria-roledescription=\"slide\" aria-label=\"2 di 4\"><a data-elementor-open-lightbox=\"yes\" data-elementor-lightbox-slideshow=\"7ad16afe\" data-e-action-hash=\"#elementor-action%3Aaction%3Dlightbox%26settings%3DeyJpZCI6MzIwNCwidXJsIjoiaHR0cHM6XC9cL3d3dy5sb2Rlc2FuYWxhYi5pdFwvd3AtY29udGVudFwvdXBsb2Fkc1wvMjAyM1wvMDhcL1doYXRzQXBwLUltYWdlLTIwMTktMDctMDgtYXQtMTkuMDQuNTYtM18yLmpwZWciLCJzbGlkZXNob3ciOiI3YWQxNmFmZSJ9\" href=\"https:\/\/www.lodesanalab.it\/wp-content\/uploads\/2023\/08\/WhatsApp-Image-2019-07-08-at-19.04.56-3_2.jpeg\"><figure class=\"swiper-slide-inner\"><img decoding=\"async\" class=\"swiper-slide-image\" src=\"https:\/\/www.lodesanalab.it\/wp-content\/uploads\/2023\/08\/WhatsApp-Image-2019-07-08-at-19.04.56-3_2.jpeg\" alt=\"WhatsApp-Image-2019-07-08-at-19.04.56-3_2\" \/><\/figure><\/a><\/div><div class=\"swiper-slide\" role=\"group\" aria-roledescription=\"slide\" aria-label=\"3 di 4\"><a data-elementor-open-lightbox=\"yes\" data-elementor-lightbox-slideshow=\"7ad16afe\" data-e-action-hash=\"#elementor-action%3Aaction%3Dlightbox%26settings%3DeyJpZCI6MzIwMiwidXJsIjoiaHR0cHM6XC9cL3d3dy5sb2Rlc2FuYWxhYi5pdFwvd3AtY29udGVudFwvdXBsb2Fkc1wvMjAyM1wvMDhcL1doYXRzQXBwLUltYWdlLTIwMTktMDctMDgtYXQtMTkuMDQuNTYtMV8zLmpwZWciLCJzbGlkZXNob3ciOiI3YWQxNmFmZSJ9\" href=\"https:\/\/www.lodesanalab.it\/wp-content\/uploads\/2023\/08\/WhatsApp-Image-2019-07-08-at-19.04.56-1_3.jpeg\"><figure class=\"swiper-slide-inner\"><img decoding=\"async\" class=\"swiper-slide-image\" src=\"https:\/\/www.lodesanalab.it\/wp-content\/uploads\/2023\/08\/WhatsApp-Image-2019-07-08-at-19.04.56-1_3.jpeg\" alt=\"WhatsApp-Image-2019-07-08-at-19.04.56-1_3\" \/><\/figure><\/a><\/div><div class=\"swiper-slide\" role=\"group\" aria-roledescription=\"slide\" aria-label=\"4 di 4\"><a data-elementor-open-lightbox=\"yes\" data-elementor-lightbox-slideshow=\"7ad16afe\" data-e-action-hash=\"#elementor-action%3Aaction%3Dlightbox%26settings%3DeyJpZCI6MzE5NCwidXJsIjoiaHR0cHM6XC9cL3d3dy5sb2Rlc2FuYWxhYi5pdFwvd3AtY29udGVudFwvdXBsb2Fkc1wvMjAyM1wvMDhcL2ltYWdlMDAwMDktc2NhbGVkLmpwZyIsInNsaWRlc2hvdyI6IjdhZDE2YWZlIn0%3D\" href=\"https:\/\/www.lodesanalab.it\/wp-content\/uploads\/2023\/08\/image00009-scaled.jpg\"><figure class=\"swiper-slide-inner\"><img decoding=\"async\" class=\"swiper-slide-image\" src=\"https:\/\/www.lodesanalab.it\/wp-content\/uploads\/2023\/08\/image00009-scaled.jpg\" alt=\"image00009\" \/><\/figure><\/a><\/div>\t\t\t<\/div>\n\t\t\t\t\t\t\t\n\t\t\t\t\t\t\t\t\t<\/div>\n\t\t\t\t\t\t<\/div>\n\t\t\t\t<\/div>\n\t\t\t\t<div class=\"elementor-element elementor-element-2139548a elementor-widget elementor-widget-spacer\" data-id=\"2139548a\" data-element_type=\"widget\" data-widget_type=\"spacer.default\">\n\t\t\t\t<div class=\"elementor-widget-container\">\n\t\t\t\t\t\t\t<div class=\"elementor-spacer\">\n\t\t\t<div class=\"elementor-spacer-inner\"><\/div>\n\t\t<\/div>\n\t\t\t\t\t\t<\/div>\n\t\t\t\t<\/div>\n\t\t\t\t\t<\/div>\n\t\t<\/div>\n\t\t\t\t\t<\/div>\n\t\t<\/section>\n\t\t\t\t<\/div>\n\t\t","protected":false},"excerpt":{"rendered":"<p>MEDIA INTENSIT\u00e0 Le strutture socio sanitarie a media intensit\u00e0 terapeutica, costituite da diversi appartamenti dislocati sul nostro territorio, rappresentano un livello fondamentale del paradigma di Comunit\u00e0 Terapeutica sistemico-reticolare in continuit\u00e0 con gli altri livelli di intervento. Nello specifico le nostre strutture a media intensit\u00e0 si trovano a San Giuliano Piacentino, Castione Marchesi, Salsomaggiore Terme Fidenza, [&hellip;]<\/p>\n","protected":false},"author":3,"featured_media":0,"parent":0,"menu_order":0,"comment_status":"closed","ping_status":"closed","template":"elementor_header_footer","meta":{"footnotes":""},"yoast_head":"<!-- This site is optimized with the Yoast SEO plugin v23.3 - https:\/\/yoast.com\/wordpress\/plugins\/seo\/ -->\n<title>Media intensit\u00e0 - Lodesana Lab<\/title>\n<meta name=\"robots\" content=\"index, follow, max-snippet:-1, max-image-preview:large, max-video-preview:-1\" \/>\n<link rel=\"canonical\" href=\"https:\/\/www.lodesanalab.it\/index.php\/media-intensita\/\" \/>\n<meta property=\"og:locale\" content=\"it_IT\" \/>\n<meta property=\"og:type\" content=\"article\" \/>\n<meta property=\"og:title\" content=\"Media intensit\u00e0 - Lodesana Lab\" \/>\n<meta property=\"og:description\" content=\"MEDIA INTENSIT\u00e0 Le strutture socio sanitarie a media intensit\u00e0 terapeutica, costituite da diversi appartamenti dislocati sul nostro territorio, rappresentano un livello fondamentale del paradigma di Comunit\u00e0 Terapeutica sistemico-reticolare in continuit\u00e0 con gli altri livelli di intervento. Nello specifico le nostre strutture a media intensit\u00e0 si trovano a San Giuliano Piacentino, Castione Marchesi, Salsomaggiore Terme Fidenza, [&hellip;]\" \/>\n<meta property=\"og:url\" content=\"https:\/\/www.lodesanalab.it\/index.php\/media-intensita\/\" \/>\n<meta property=\"og:site_name\" content=\"Lodesana Lab\" \/>\n<meta property=\"article:publisher\" content=\"https:\/\/www.facebook.com\/lodesanalab\/\" \/>\n<meta property=\"article:modified_time\" content=\"2024-01-26T16:42:27+00:00\" \/>\n<meta property=\"og:image\" content=\"https:\/\/www.lodesanalab.it\/wp-content\/uploads\/2023\/08\/image00023-1-1-scaled.jpg\" \/>\n<meta name=\"twitter:card\" content=\"summary_large_image\" \/>\n<meta name=\"twitter:label1\" content=\"Tempo di lettura stimato\" \/>\n\t<meta name=\"twitter:data1\" content=\"1 minuto\" \/>\n<script type=\"application\/ld+json\" class=\"yoast-schema-graph\">{\"@context\":\"https:\/\/schema.org\",\"@graph\":[{\"@type\":\"WebPage\",\"@id\":\"https:\/\/www.lodesanalab.it\/index.php\/media-intensita\/\",\"url\":\"https:\/\/www.lodesanalab.it\/index.php\/media-intensita\/\",\"name\":\"Media intensit\u00e0 - Lodesana Lab\",\"isPartOf\":{\"@id\":\"https:\/\/www.lodesanalab.it\/#website\"},\"primaryImageOfPage\":{\"@id\":\"https:\/\/www.lodesanalab.it\/index.php\/media-intensita\/#primaryimage\"},\"image\":{\"@id\":\"https:\/\/www.lodesanalab.it\/index.php\/media-intensita\/#primaryimage\"},\"thumbnailUrl\":\"https:\/\/www.lodesanalab.it\/wp-content\/uploads\/2023\/08\/image00023-1-1-scaled.jpg\",\"datePublished\":\"2019-05-11T10:10:39+00:00\",\"dateModified\":\"2024-01-26T16:42:27+00:00\",\"breadcrumb\":{\"@id\":\"https:\/\/www.lodesanalab.it\/index.php\/media-intensita\/#breadcrumb\"},\"inLanguage\":\"it-IT\",\"potentialAction\":[{\"@type\":\"ReadAction\",\"target\":[\"https:\/\/www.lodesanalab.it\/index.php\/media-intensita\/\"]}]},{\"@type\":\"ImageObject\",\"inLanguage\":\"it-IT\",\"@id\":\"https:\/\/www.lodesanalab.it\/index.php\/media-intensita\/#primaryimage\",\"url\":\"https:\/\/www.lodesanalab.it\/wp-content\/uploads\/2023\/08\/image00023-1-1-scaled.jpg\",\"contentUrl\":\"https:\/\/www.lodesanalab.it\/wp-content\/uploads\/2023\/08\/image00023-1-1-scaled.jpg\"},{\"@type\":\"BreadcrumbList\",\"@id\":\"https:\/\/www.lodesanalab.it\/index.php\/media-intensita\/#breadcrumb\",\"itemListElement\":[{\"@type\":\"ListItem\",\"position\":1,\"name\":\"Home\",\"item\":\"https:\/\/www.lodesanalab.it\/\"},{\"@type\":\"ListItem\",\"position\":2,\"name\":\"Media intensit\u00e0\"}]},{\"@type\":\"WebSite\",\"@id\":\"https:\/\/www.lodesanalab.it\/#website\",\"url\":\"https:\/\/www.lodesanalab.it\/\",\"name\":\"Lodesana Lab\",\"description\":\"\",\"publisher\":{\"@id\":\"https:\/\/www.lodesanalab.it\/#organization\"},\"potentialAction\":[{\"@type\":\"SearchAction\",\"target\":{\"@type\":\"EntryPoint\",\"urlTemplate\":\"https:\/\/www.lodesanalab.it\/?s={search_term_string}\"},\"query-input\":\"required name=search_term_string\"}],\"inLanguage\":\"it-IT\"},{\"@type\":\"Organization\",\"@id\":\"https:\/\/www.lodesanalab.it\/#organization\",\"name\":\"Lodesana Lab\",\"url\":\"https:\/\/www.lodesanalab.it\/\",\"logo\":{\"@type\":\"ImageObject\",\"inLanguage\":\"it-IT\",\"@id\":\"https:\/\/www.lodesanalab.it\/#\/schema\/logo\/image\/\",\"url\":\"https:\/\/www.lodesanalab.it\/wp-content\/uploads\/2024\/01\/logo.png\",\"contentUrl\":\"https:\/\/www.lodesanalab.it\/wp-content\/uploads\/2024\/01\/logo.png\",\"width\":192,\"height\":192,\"caption\":\"Lodesana Lab\"},\"image\":{\"@id\":\"https:\/\/www.lodesanalab.it\/#\/schema\/logo\/image\/\"},\"sameAs\":[\"https:\/\/www.facebook.com\/lodesanalab\/\",\"https:\/\/youtube.com\/@lodesanalab1925?feature=shared\"]}]}<\/script>\n<!-- \/ Yoast SEO plugin. -->","yoast_head_json":{"title":"Media intensit\u00e0 - Lodesana Lab","robots":{"index":"index","follow":"follow","max-snippet":"max-snippet:-1","max-image-preview":"max-image-preview:large","max-video-preview":"max-video-preview:-1"},"canonical":"https:\/\/www.lodesanalab.it\/index.php\/media-intensita\/","og_locale":"it_IT","og_type":"article","og_title":"Media intensit\u00e0 - Lodesana Lab","og_description":"MEDIA INTENSIT\u00e0 Le strutture socio sanitarie a media intensit\u00e0 terapeutica, costituite da diversi appartamenti dislocati sul nostro territorio, rappresentano un livello fondamentale del paradigma di Comunit\u00e0 Terapeutica sistemico-reticolare in continuit\u00e0 con gli altri livelli di intervento. Nello specifico le nostre strutture a media intensit\u00e0 si trovano a San Giuliano Piacentino, Castione Marchesi, Salsomaggiore Terme Fidenza, [&hellip;]","og_url":"https:\/\/www.lodesanalab.it\/index.php\/media-intensita\/","og_site_name":"Lodesana Lab","article_publisher":"https:\/\/www.facebook.com\/lodesanalab\/","article_modified_time":"2024-01-26T16:42:27+00:00","og_image":[{"url":"https:\/\/www.lodesanalab.it\/wp-content\/uploads\/2023\/08\/image00023-1-1-scaled.jpg"}],"twitter_card":"summary_large_image","twitter_misc":{"Tempo di lettura stimato":"1 minuto"},"schema":{"@context":"https:\/\/schema.org","@graph":[{"@type":"WebPage","@id":"https:\/\/www.lodesanalab.it\/index.php\/media-intensita\/","url":"https:\/\/www.lodesanalab.it\/index.php\/media-intensita\/","name":"Media intensit\u00e0 - Lodesana Lab","isPartOf":{"@id":"https:\/\/www.lodesanalab.it\/#website"},"primaryImageOfPage":{"@id":"https:\/\/www.lodesanalab.it\/index.php\/media-intensita\/#primaryimage"},"image":{"@id":"https:\/\/www.lodesanalab.it\/index.php\/media-intensita\/#primaryimage"},"thumbnailUrl":"https:\/\/www.lodesanalab.it\/wp-content\/uploads\/2023\/08\/image00023-1-1-scaled.jpg","datePublished":"2019-05-11T10:10:39+00:00","dateModified":"2024-01-26T16:42:27+00:00","breadcrumb":{"@id":"https:\/\/www.lodesanalab.it\/index.php\/media-intensita\/#breadcrumb"},"inLanguage":"it-IT","potentialAction":[{"@type":"ReadAction","target":["https:\/\/www.lodesanalab.it\/index.php\/media-intensita\/"]}]},{"@type":"ImageObject","inLanguage":"it-IT","@id":"https:\/\/www.lodesanalab.it\/index.php\/media-intensita\/#primaryimage","url":"https:\/\/www.lodesanalab.it\/wp-content\/uploads\/2023\/08\/image00023-1-1-scaled.jpg","contentUrl":"https:\/\/www.lodesanalab.it\/wp-content\/uploads\/2023\/08\/image00023-1-1-scaled.jpg"},{"@type":"BreadcrumbList","@id":"https:\/\/www.lodesanalab.it\/index.php\/media-intensita\/#breadcrumb","itemListElement":[{"@type":"ListItem","position":1,"name":"Home","item":"https:\/\/www.lodesanalab.it\/"},{"@type":"ListItem","position":2,"name":"Media intensit\u00e0"}]},{"@type":"WebSite","@id":"https:\/\/www.lodesanalab.it\/#website","url":"https:\/\/www.lodesanalab.it\/","name":"Lodesana Lab","description":"","publisher":{"@id":"https:\/\/www.lodesanalab.it\/#organization"},"potentialAction":[{"@type":"SearchAction","target":{"@type":"EntryPoint","urlTemplate":"https:\/\/www.lodesanalab.it\/?s={search_term_string}"},"query-input":"required name=search_term_string"}],"inLanguage":"it-IT"},{"@type":"Organization","@id":"https:\/\/www.lodesanalab.it\/#organization","name":"Lodesana Lab","url":"https:\/\/www.lodesanalab.it\/","logo":{"@type":"ImageObject","inLanguage":"it-IT","@id":"https:\/\/www.lodesanalab.it\/#\/schema\/logo\/image\/","url":"https:\/\/www.lodesanalab.it\/wp-content\/uploads\/2024\/01\/logo.png","contentUrl":"https:\/\/www.lodesanalab.it\/wp-content\/uploads\/2024\/01\/logo.png","width":192,"height":192,"caption":"Lodesana Lab"},"image":{"@id":"https:\/\/www.lodesanalab.it\/#\/schema\/logo\/image\/"},"sameAs":["https:\/\/www.facebook.com\/lodesanalab\/","https:\/\/youtube.com\/@lodesanalab1925?feature=shared"]}]}},"_links":{"self":[{"href":"https:\/\/www.lodesanalab.it\/index.php\/wp-json\/wp\/v2\/pages\/2378"}],"collection":[{"href":"https:\/\/www.lodesanalab.it\/index.php\/wp-json\/wp\/v2\/pages"}],"about":[{"href":"https:\/\/www.lodesanalab.it\/index.php\/wp-json\/wp\/v2\/types\/page"}],"author":[{"embeddable":true,"href":"https:\/\/www.lodesanalab.it\/index.php\/wp-json\/wp\/v2\/users\/3"}],"replies":[{"embeddable":true,"href":"https:\/\/www.lodesanalab.it\/index.php\/wp-json\/wp\/v2\/comments?post=2378"}],"version-history":[{"count":14,"href":"https:\/\/www.lodesanalab.it\/index.php\/wp-json\/wp\/v2\/pages\/2378\/revisions"}],"predecessor-version":[{"id":3685,"href":"https:\/\/www.lodesanalab.it\/index.php\/wp-json\/wp\/v2\/pages\/2378\/revisions\/3685"}],"wp:attachment":[{"href":"https:\/\/www.lodesanalab.it\/index.php\/wp-json\/wp\/v2\/media?parent=2378"}],"curies":[{"name":"wp","href":"https:\/\/api.w.org\/{rel}","templated":true}]}}