{"id":2376,"date":"2019-05-11T12:09:28","date_gmt":"2019-05-11T10:09:28","guid":{"rendered":"https:\/\/www.lodesanalab.it\/?page_id=2376"},"modified":"2024-01-24T12:13:20","modified_gmt":"2024-01-24T11:13:20","slug":"comunita-terapeutica","status":"publish","type":"page","link":"https:\/\/www.lodesanalab.it\/index.php\/comunita-terapeutica\/","title":{"rendered":"Comunit\u00e0 terapeutica"},"content":{"rendered":"\t\t<div data-elementor-type=\"wp-page\" data-elementor-id=\"2376\" class=\"elementor elementor-2376\">\n\t\t\t\t\t\t<section class=\"elementor-section elementor-top-section elementor-element elementor-element-9590d20 elementor-section-boxed elementor-section-height-default elementor-section-height-default qodef-elementor-content-no\" data-id=\"9590d20\" data-element_type=\"section\">\n\t\t\t\t\t\t<div class=\"elementor-container elementor-column-gap-default\">\n\t\t\t\t\t<div class=\"elementor-column elementor-col-100 elementor-top-column elementor-element elementor-element-66958c9\" data-id=\"66958c9\" data-element_type=\"column\">\n\t\t\t<div class=\"elementor-widget-wrap\">\n\t\t\t\t\t\t\t<\/div>\n\t\t<\/div>\n\t\t\t\t\t<\/div>\n\t\t<\/section>\n\t\t\t\t<section class=\"elementor-section elementor-top-section elementor-element elementor-element-271534ea elementor-section-full_width elementor-section-height-min-height elementor-section-height-default elementor-section-items-middle qodef-elementor-content-no\" data-id=\"271534ea\" data-element_type=\"section\" data-settings=\"{&quot;background_background&quot;:&quot;slideshow&quot;,&quot;background_slideshow_gallery&quot;:[],&quot;background_slideshow_loop&quot;:&quot;yes&quot;,&quot;background_slideshow_slide_duration&quot;:5000,&quot;background_slideshow_slide_transition&quot;:&quot;fade&quot;,&quot;background_slideshow_transition_duration&quot;:500}\">\n\t\t\t\t\t\t\t<div class=\"elementor-background-overlay\"><\/div>\n\t\t\t\t\t\t\t<div class=\"elementor-container elementor-column-gap-default\">\n\t\t\t\t\t<div class=\"elementor-column elementor-col-100 elementor-top-column elementor-element elementor-element-606cfd59\" data-id=\"606cfd59\" data-element_type=\"column\">\n\t\t\t<div class=\"elementor-widget-wrap\">\n\t\t\t\t\t\t\t<\/div>\n\t\t<\/div>\n\t\t\t\t\t<\/div>\n\t\t<\/section>\n\t\t\t\t<section class=\"elementor-section elementor-top-section elementor-element elementor-element-3c485e44 elementor-section-boxed elementor-section-height-default elementor-section-height-default qodef-elementor-content-no\" data-id=\"3c485e44\" data-element_type=\"section\" data-settings=\"{&quot;background_background&quot;:&quot;classic&quot;}\">\n\t\t\t\t\t\t<div class=\"elementor-container elementor-column-gap-default\">\n\t\t\t\t\t<div class=\"elementor-column elementor-col-100 elementor-top-column elementor-element elementor-element-33c35230\" data-id=\"33c35230\" data-element_type=\"column\">\n\t\t\t<div class=\"elementor-widget-wrap elementor-element-populated\">\n\t\t\t\t\t\t<div class=\"elementor-element elementor-element-6ca27260 elementor-widget elementor-widget-heading\" data-id=\"6ca27260\" data-element_type=\"widget\" data-widget_type=\"heading.default\">\n\t\t\t\t<div class=\"elementor-widget-container\">\n\t\t\t\t\t<h1 class=\"elementor-heading-title elementor-size-default\">COMUNIT\u00e0 TERAPEUTICA<\/h1>\t\t\t\t<\/div>\n\t\t\t\t<\/div>\n\t\t\t\t\t<\/div>\n\t\t<\/div>\n\t\t\t\t\t<\/div>\n\t\t<\/section>\n\t\t\t\t<section class=\"elementor-section elementor-top-section elementor-element elementor-element-6fce4fb1 elementor-section-boxed elementor-section-height-default elementor-section-height-default qodef-elementor-content-no\" data-id=\"6fce4fb1\" data-element_type=\"section\">\n\t\t\t\t\t\t<div class=\"elementor-container elementor-column-gap-default\">\n\t\t\t\t\t<div class=\"elementor-column elementor-col-100 elementor-top-column elementor-element elementor-element-4e503029\" data-id=\"4e503029\" data-element_type=\"column\">\n\t\t\t<div class=\"elementor-widget-wrap elementor-element-populated\">\n\t\t\t\t\t\t<div class=\"elementor-element elementor-element-d299296 elementor-widget elementor-widget-spacer\" data-id=\"d299296\" data-element_type=\"widget\" data-widget_type=\"spacer.default\">\n\t\t\t\t<div class=\"elementor-widget-container\">\n\t\t\t\t\t\t\t<div class=\"elementor-spacer\">\n\t\t\t<div class=\"elementor-spacer-inner\"><\/div>\n\t\t<\/div>\n\t\t\t\t\t\t<\/div>\n\t\t\t\t<\/div>\n\t\t\t\t\t<\/div>\n\t\t<\/div>\n\t\t\t\t\t<\/div>\n\t\t<\/section>\n\t\t\t\t<section class=\"elementor-section elementor-top-section elementor-element elementor-element-0d913b3 elementor-section-boxed elementor-section-height-default elementor-section-height-default qodef-elementor-content-no\" data-id=\"0d913b3\" data-element_type=\"section\">\n\t\t\t\t\t\t<div class=\"elementor-container elementor-column-gap-default\">\n\t\t\t\t\t<div class=\"elementor-column elementor-col-100 elementor-top-column elementor-element elementor-element-15b2ec4\" data-id=\"15b2ec4\" data-element_type=\"column\">\n\t\t\t<div class=\"elementor-widget-wrap elementor-element-populated\">\n\t\t\t\t\t\t<div class=\"elementor-element elementor-element-6579a43 elementor-widget elementor-widget-accordion\" data-id=\"6579a43\" data-element_type=\"widget\" data-widget_type=\"accordion.default\">\n\t\t\t\t<div class=\"elementor-widget-container\">\n\t\t\t\t\t\t\t<div class=\"elementor-accordion\">\n\t\t\t\t\t\t\t<div class=\"elementor-accordion-item\">\n\t\t\t\t\t<div id=\"elementor-tab-title-1061\" class=\"elementor-tab-title\" data-tab=\"1\" role=\"button\" aria-controls=\"elementor-tab-content-1061\" aria-expanded=\"false\">\n\t\t\t\t\t\t\t\t\t\t\t\t\t<span class=\"elementor-accordion-icon elementor-accordion-icon-left\" aria-hidden=\"true\">\n\t\t\t\t\t\t\t\t\t\t\t\t\t\t\t<span class=\"elementor-accordion-icon-closed\"><i class=\"fas fa-plus\"><\/i><\/span>\n\t\t\t\t\t\t\t\t<span class=\"elementor-accordion-icon-opened\"><i class=\"fas fa-minus\"><\/i><\/span>\n\t\t\t\t\t\t\t\t\t\t\t\t\t\t<\/span>\n\t\t\t\t\t\t\t\t\t\t\t\t<a class=\"elementor-accordion-title\" tabindex=\"0\">Comunit\u00e0 Terapeutica<\/a>\n\t\t\t\t\t<\/div>\n\t\t\t\t\t<div id=\"elementor-tab-content-1061\" class=\"elementor-tab-content elementor-clearfix\" data-tab=\"1\" role=\"region\" aria-labelledby=\"elementor-tab-title-1061\"><p>La nostra <strong>Comunit\u00e0 Terapeutica &#8216;Casa di Lodesana&#8217;<\/strong> sorge all&#8217;interno di un podere sulle colline Fidentine, in <strong>Via Cabriolo 75<\/strong>. E&#8217; una struttura accreditata che ospita fino a 15 ospiti.<\/p>\n<p>E&#8217; dedicata a persone-utenti che, per la complessit\u00e0 delle loro problematiche sociosanitarie, richiedono un sostegno a carattere mediativo, attivativo, sussidiario personale e sociale significativo.<\/p>\n<p>Ormai tramontata la fase del <strong>&#8220;modello lineare Comunit\u00e0 Terapeutica-Rientro\u201d<\/strong> va emergendo un \u201cparadigma complesso reticolare e sistemico\u201d. Il <strong>\u201cmodello reticolare e multicentrico\u201d<\/strong> che utilizziamo comprende oltre alla <strong>Comunit\u00e0 Terapeutica concepita come hub<\/strong>, momento ad alta protezione ed intensit\u00e0 terapeutica del sistema, un insieme di interventi residenziali a media protezione ed intensit\u00e0 terapeutica <strong>(appartamenti)<\/strong> ed interventi a bassa intensit\u00e0 <strong>(domiciliarit\u00e0 assistita)<\/strong> strettamente connessi. Si tratta di un modello complesso e specialistico che ritiene che la specializzazione debba essere declinata non solo nel senso categoriale di strutture dedicate al trattamento di porzioni specifiche della popolazione con dipendenze patologiche <strong>(doppia diagnosi, madre e bambino&#8230;)<\/strong> ma nel senso di una specializzazione concepita come sistemi ad alta integrazione e flessibilit\u00e0 con livelli variabili di protezione.<\/p><\/div>\n\t\t\t\t<\/div>\n\t\t\t\t\t\t\t<div class=\"elementor-accordion-item\">\n\t\t\t\t\t<div id=\"elementor-tab-title-1062\" class=\"elementor-tab-title\" data-tab=\"2\" role=\"button\" aria-controls=\"elementor-tab-content-1062\" aria-expanded=\"false\">\n\t\t\t\t\t\t\t\t\t\t\t\t\t<span class=\"elementor-accordion-icon elementor-accordion-icon-left\" aria-hidden=\"true\">\n\t\t\t\t\t\t\t\t\t\t\t\t\t\t\t<span class=\"elementor-accordion-icon-closed\"><i class=\"fas fa-plus\"><\/i><\/span>\n\t\t\t\t\t\t\t\t<span class=\"elementor-accordion-icon-opened\"><i class=\"fas fa-minus\"><\/i><\/span>\n\t\t\t\t\t\t\t\t\t\t\t\t\t\t<\/span>\n\t\t\t\t\t\t\t\t\t\t\t\t<a class=\"elementor-accordion-title\" tabindex=\"0\">Progetti<\/a>\n\t\t\t\t\t<\/div>\n\t\t\t\t\t<div id=\"elementor-tab-content-1062\" class=\"elementor-tab-content elementor-clearfix\" data-tab=\"2\" role=\"region\" aria-labelledby=\"elementor-tab-title-1062\"><p>Al centro vi \u00e8 la cocostruzione del <strong>Progetto Terapeutico Riabilitativo Individualizzato (PTRI)<\/strong> che pu\u00f2 essere elaborato avvalendosi di una pluralit\u00e0 di strumenti e strutture flessibili, dinamici e articolati in un&#8217;ottica di modulabile intensit\u00e0 di cura e di continuit\u00e0 assistenziale all&#8217;interno di una coerenza del modello di riferimento per l&#8217;intervento psicoeducativo. In tale prospettiva la CT mantiene una indispensabile ma nuova funzione di luogo ad alta intensit\u00e0 di cura e terapeutica come nodo fondamentale del sistema. Questa nuova declinazione della specializzazione ha portato a qualificare e ripensare l&#8217;intervento in CT e di tutto il sistema alla luce dei modelli di riferimento per il trattamento disturbi gravi della personalit\u00e0 con un&#8217;attenzione particolare alla prevenzione della ricaduta ed una sua rielaborazione in termini di apprendimento nel momento in cui questa si verifichi. Viene inoltre posta un&#8217;attenzione specifica alla diagnosi funzionale e non solo categoriale favorendo una modalit\u00e0 di lavoro che tenga conto delle riflessioni gi\u00e0 prodotte nell\u2019ambito della riabilitazione sociale nella prospettiva del miglioramento della qualit\u00e0 di vita superando una logica dipendenza versus restitutio ad integrum che in passato operava secondo una rigida modalit\u00e0 on\/off. Quella che potremo chiamare una \u201cComunit\u00e0 Terapeutica diffusa\u201d, permette di di articolare maggiormente ed in modo innovativo i percorsi terapeutici (da quelli tradizionali a quelli che non transitano dalla CT, compresi i percorsi brevi in CT, quelli che iniziano negli appartamenti ed evidenziano in seguito la necessit\u00e0 di un passaggio per una fase della CT), di ridurre i potenziali fattori iatrogeni della Comunit\u00e0 Terapeutica, di migliorare l&#8217;appropriatezza dei trattamenti e la performance del rapporto efficienza\/efficacia (costo\/efficacia).<\/p><\/div>\n\t\t\t\t<\/div>\n\t\t\t\t\t\t\t\t<\/div>\n\t\t\t\t\t\t<\/div>\n\t\t\t\t<\/div>\n\t\t\t\t\t<\/div>\n\t\t<\/div>\n\t\t\t\t\t<\/div>\n\t\t<\/section>\n\t\t\t\t<section class=\"elementor-section elementor-top-section elementor-element elementor-element-6f1767e6 elementor-section-boxed elementor-section-height-default elementor-section-height-default qodef-elementor-content-no\" data-id=\"6f1767e6\" data-element_type=\"section\">\n\t\t\t\t\t\t<div class=\"elementor-container elementor-column-gap-default\">\n\t\t\t\t\t<div class=\"elementor-column elementor-col-100 elementor-top-column elementor-element elementor-element-63d9c78c\" data-id=\"63d9c78c\" data-element_type=\"column\">\n\t\t\t<div class=\"elementor-widget-wrap elementor-element-populated\">\n\t\t\t\t\t\t<div class=\"elementor-element elementor-element-776f61a1 elementor-widget elementor-widget-spacer\" data-id=\"776f61a1\" data-element_type=\"widget\" data-widget_type=\"spacer.default\">\n\t\t\t\t<div class=\"elementor-widget-container\">\n\t\t\t\t\t\t\t<div class=\"elementor-spacer\">\n\t\t\t<div class=\"elementor-spacer-inner\"><\/div>\n\t\t<\/div>\n\t\t\t\t\t\t<\/div>\n\t\t\t\t<\/div>\n\t\t\t\t\t<\/div>\n\t\t<\/div>\n\t\t\t\t\t<\/div>\n\t\t<\/section>\n\t\t\t\t<section class=\"elementor-section elementor-top-section elementor-element elementor-element-5f36c271 elementor-section-boxed elementor-section-height-default elementor-section-height-default qodef-elementor-content-no\" data-id=\"5f36c271\" data-element_type=\"section\">\n\t\t\t\t\t\t<div class=\"elementor-container elementor-column-gap-default\">\n\t\t\t\t\t<div class=\"elementor-column elementor-col-100 elementor-top-column elementor-element elementor-element-399b9e85\" data-id=\"399b9e85\" data-element_type=\"column\">\n\t\t\t<div class=\"elementor-widget-wrap elementor-element-populated\">\n\t\t\t\t\t\t<div class=\"elementor-element elementor-element-5657e471 elementor-widget elementor-widget-image-carousel\" data-id=\"5657e471\" data-element_type=\"widget\" data-settings=\"{&quot;navigation&quot;:&quot;none&quot;,&quot;autoplay&quot;:&quot;yes&quot;,&quot;pause_on_hover&quot;:&quot;yes&quot;,&quot;pause_on_interaction&quot;:&quot;yes&quot;,&quot;autoplay_speed&quot;:5000,&quot;infinite&quot;:&quot;yes&quot;,&quot;speed&quot;:500}\" data-widget_type=\"image-carousel.default\">\n\t\t\t\t<div class=\"elementor-widget-container\">\n\t\t\t\t\t\t\t<div class=\"elementor-image-carousel-wrapper swiper\" role=\"region\" aria-roledescription=\"carousel\" aria-label=\"Carosello d&#039;immagini\" dir=\"ltr\">\n\t\t\t<div class=\"elementor-image-carousel swiper-wrapper\" aria-live=\"off\">\n\t\t\t\t\t\t\t\t<div class=\"swiper-slide\" role=\"group\" aria-roledescription=\"slide\" aria-label=\"1 di 4\"><a data-elementor-open-lightbox=\"yes\" data-elementor-lightbox-slideshow=\"5657e471\" data-e-action-hash=\"#elementor-action%3Aaction%3Dlightbox%26settings%3DeyJpZCI6MzE3MywidXJsIjoiaHR0cHM6XC9cL3d3dy5sb2Rlc2FuYWxhYi5pdFwvd3AtY29udGVudFwvdXBsb2Fkc1wvMjAyM1wvMDhcL2ltYWdlMDAwMjMtMS0xLXNjYWxlZC5qcGciLCJzbGlkZXNob3ciOiI1NjU3ZTQ3MSJ9\" href=\"https:\/\/www.lodesanalab.it\/wp-content\/uploads\/2023\/08\/image00023-1-1-scaled.jpg\"><figure class=\"swiper-slide-inner\"><img decoding=\"async\" class=\"swiper-slide-image\" src=\"https:\/\/www.lodesanalab.it\/wp-content\/uploads\/2023\/08\/image00023-1-1-scaled.jpg\" alt=\"image00023-1\" \/><\/figure><\/a><\/div><div class=\"swiper-slide\" role=\"group\" aria-roledescription=\"slide\" aria-label=\"2 di 4\"><a data-elementor-open-lightbox=\"yes\" data-elementor-lightbox-slideshow=\"5657e471\" data-e-action-hash=\"#elementor-action%3Aaction%3Dlightbox%26settings%3DeyJpZCI6MzIwNCwidXJsIjoiaHR0cHM6XC9cL3d3dy5sb2Rlc2FuYWxhYi5pdFwvd3AtY29udGVudFwvdXBsb2Fkc1wvMjAyM1wvMDhcL1doYXRzQXBwLUltYWdlLTIwMTktMDctMDgtYXQtMTkuMDQuNTYtM18yLmpwZWciLCJzbGlkZXNob3ciOiI1NjU3ZTQ3MSJ9\" href=\"https:\/\/www.lodesanalab.it\/wp-content\/uploads\/2023\/08\/WhatsApp-Image-2019-07-08-at-19.04.56-3_2.jpeg\"><figure class=\"swiper-slide-inner\"><img decoding=\"async\" class=\"swiper-slide-image\" src=\"https:\/\/www.lodesanalab.it\/wp-content\/uploads\/2023\/08\/WhatsApp-Image-2019-07-08-at-19.04.56-3_2.jpeg\" alt=\"WhatsApp-Image-2019-07-08-at-19.04.56-3_2\" \/><\/figure><\/a><\/div><div class=\"swiper-slide\" role=\"group\" aria-roledescription=\"slide\" aria-label=\"3 di 4\"><a data-elementor-open-lightbox=\"yes\" data-elementor-lightbox-slideshow=\"5657e471\" data-e-action-hash=\"#elementor-action%3Aaction%3Dlightbox%26settings%3DeyJpZCI6MzIwMiwidXJsIjoiaHR0cHM6XC9cL3d3dy5sb2Rlc2FuYWxhYi5pdFwvd3AtY29udGVudFwvdXBsb2Fkc1wvMjAyM1wvMDhcL1doYXRzQXBwLUltYWdlLTIwMTktMDctMDgtYXQtMTkuMDQuNTYtMV8zLmpwZWciLCJzbGlkZXNob3ciOiI1NjU3ZTQ3MSJ9\" href=\"https:\/\/www.lodesanalab.it\/wp-content\/uploads\/2023\/08\/WhatsApp-Image-2019-07-08-at-19.04.56-1_3.jpeg\"><figure class=\"swiper-slide-inner\"><img decoding=\"async\" class=\"swiper-slide-image\" src=\"https:\/\/www.lodesanalab.it\/wp-content\/uploads\/2023\/08\/WhatsApp-Image-2019-07-08-at-19.04.56-1_3.jpeg\" alt=\"WhatsApp-Image-2019-07-08-at-19.04.56-1_3\" \/><\/figure><\/a><\/div><div class=\"swiper-slide\" role=\"group\" aria-roledescription=\"slide\" aria-label=\"4 di 4\"><a data-elementor-open-lightbox=\"yes\" data-elementor-lightbox-slideshow=\"5657e471\" data-e-action-hash=\"#elementor-action%3Aaction%3Dlightbox%26settings%3DeyJpZCI6MzE5NCwidXJsIjoiaHR0cHM6XC9cL3d3dy5sb2Rlc2FuYWxhYi5pdFwvd3AtY29udGVudFwvdXBsb2Fkc1wvMjAyM1wvMDhcL2ltYWdlMDAwMDktc2NhbGVkLmpwZyIsInNsaWRlc2hvdyI6IjU2NTdlNDcxIn0%3D\" href=\"https:\/\/www.lodesanalab.it\/wp-content\/uploads\/2023\/08\/image00009-scaled.jpg\"><figure class=\"swiper-slide-inner\"><img decoding=\"async\" class=\"swiper-slide-image\" src=\"https:\/\/www.lodesanalab.it\/wp-content\/uploads\/2023\/08\/image00009-scaled.jpg\" alt=\"image00009\" \/><\/figure><\/a><\/div>\t\t\t<\/div>\n\t\t\t\t\t\t\t\n\t\t\t\t\t\t\t\t\t<\/div>\n\t\t\t\t\t\t<\/div>\n\t\t\t\t<\/div>\n\t\t\t\t<div class=\"elementor-element elementor-element-4881f5ff elementor-widget elementor-widget-spacer\" data-id=\"4881f5ff\" data-element_type=\"widget\" data-widget_type=\"spacer.default\">\n\t\t\t\t<div class=\"elementor-widget-container\">\n\t\t\t\t\t\t\t<div class=\"elementor-spacer\">\n\t\t\t<div class=\"elementor-spacer-inner\"><\/div>\n\t\t<\/div>\n\t\t\t\t\t\t<\/div>\n\t\t\t\t<\/div>\n\t\t\t\t\t<\/div>\n\t\t<\/div>\n\t\t\t\t\t<\/div>\n\t\t<\/section>\n\t\t\t\t<\/div>\n\t\t","protected":false},"excerpt":{"rendered":"<p>COMUNIT\u00e0 TERAPEUTICA Comunit\u00e0 Terapeutica La nostra Comunit\u00e0 Terapeutica &#8216;Casa di Lodesana&#8217; sorge all&#8217;interno di un podere sulle colline Fidentine, in Via Cabriolo 75. E&#8217; una struttura accreditata che ospita fino a 15 ospiti. E&#8217; dedicata a persone-utenti che, per la complessit\u00e0 delle loro problematiche sociosanitarie, richiedono un sostegno a carattere mediativo, attivativo, sussidiario personale e [&hellip;]<\/p>\n","protected":false},"author":3,"featured_media":0,"parent":0,"menu_order":0,"comment_status":"closed","ping_status":"closed","template":"elementor_header_footer","meta":{"footnotes":""},"yoast_head":"<!-- This site is optimized with the Yoast SEO plugin v23.3 - https:\/\/yoast.com\/wordpress\/plugins\/seo\/ -->\n<title>Comunit\u00e0 terapeutica - Lodesana Lab<\/title>\n<meta name=\"robots\" content=\"index, follow, max-snippet:-1, max-image-preview:large, max-video-preview:-1\" \/>\n<link rel=\"canonical\" href=\"https:\/\/www.lodesanalab.it\/index.php\/comunita-terapeutica\/\" \/>\n<meta property=\"og:locale\" content=\"it_IT\" \/>\n<meta property=\"og:type\" content=\"article\" \/>\n<meta property=\"og:title\" content=\"Comunit\u00e0 terapeutica - Lodesana Lab\" \/>\n<meta property=\"og:description\" content=\"COMUNIT\u00e0 TERAPEUTICA Comunit\u00e0 Terapeutica La nostra Comunit\u00e0 Terapeutica &#8216;Casa di Lodesana&#8217; sorge all&#8217;interno di un podere sulle colline Fidentine, in Via Cabriolo 75. E&#8217; una struttura accreditata che ospita fino a 15 ospiti. E&#8217; dedicata a persone-utenti che, per la complessit\u00e0 delle loro problematiche sociosanitarie, richiedono un sostegno a carattere mediativo, attivativo, sussidiario personale e [&hellip;]\" \/>\n<meta property=\"og:url\" content=\"https:\/\/www.lodesanalab.it\/index.php\/comunita-terapeutica\/\" \/>\n<meta property=\"og:site_name\" content=\"Lodesana Lab\" \/>\n<meta property=\"article:publisher\" content=\"https:\/\/www.facebook.com\/lodesanalab\/\" \/>\n<meta property=\"article:modified_time\" content=\"2024-01-24T11:13:20+00:00\" \/>\n<meta property=\"og:image\" content=\"https:\/\/www.lodesanalab.it\/wp-content\/uploads\/2023\/08\/image00023-1-1-scaled.jpg\" \/>\n<meta name=\"twitter:card\" content=\"summary_large_image\" \/>\n<meta name=\"twitter:label1\" content=\"Tempo di lettura stimato\" \/>\n\t<meta name=\"twitter:data1\" content=\"2 minuti\" \/>\n<script type=\"application\/ld+json\" class=\"yoast-schema-graph\">{\"@context\":\"https:\/\/schema.org\",\"@graph\":[{\"@type\":\"WebPage\",\"@id\":\"https:\/\/www.lodesanalab.it\/index.php\/comunita-terapeutica\/\",\"url\":\"https:\/\/www.lodesanalab.it\/index.php\/comunita-terapeutica\/\",\"name\":\"Comunit\u00e0 terapeutica - Lodesana Lab\",\"isPartOf\":{\"@id\":\"https:\/\/www.lodesanalab.it\/#website\"},\"primaryImageOfPage\":{\"@id\":\"https:\/\/www.lodesanalab.it\/index.php\/comunita-terapeutica\/#primaryimage\"},\"image\":{\"@id\":\"https:\/\/www.lodesanalab.it\/index.php\/comunita-terapeutica\/#primaryimage\"},\"thumbnailUrl\":\"https:\/\/www.lodesanalab.it\/wp-content\/uploads\/2023\/08\/image00023-1-1-scaled.jpg\",\"datePublished\":\"2019-05-11T10:09:28+00:00\",\"dateModified\":\"2024-01-24T11:13:20+00:00\",\"breadcrumb\":{\"@id\":\"https:\/\/www.lodesanalab.it\/index.php\/comunita-terapeutica\/#breadcrumb\"},\"inLanguage\":\"it-IT\",\"potentialAction\":[{\"@type\":\"ReadAction\",\"target\":[\"https:\/\/www.lodesanalab.it\/index.php\/comunita-terapeutica\/\"]}]},{\"@type\":\"ImageObject\",\"inLanguage\":\"it-IT\",\"@id\":\"https:\/\/www.lodesanalab.it\/index.php\/comunita-terapeutica\/#primaryimage\",\"url\":\"https:\/\/www.lodesanalab.it\/wp-content\/uploads\/2023\/08\/image00023-1-1-scaled.jpg\",\"contentUrl\":\"https:\/\/www.lodesanalab.it\/wp-content\/uploads\/2023\/08\/image00023-1-1-scaled.jpg\"},{\"@type\":\"BreadcrumbList\",\"@id\":\"https:\/\/www.lodesanalab.it\/index.php\/comunita-terapeutica\/#breadcrumb\",\"itemListElement\":[{\"@type\":\"ListItem\",\"position\":1,\"name\":\"Home\",\"item\":\"https:\/\/www.lodesanalab.it\/\"},{\"@type\":\"ListItem\",\"position\":2,\"name\":\"Comunit\u00e0 terapeutica\"}]},{\"@type\":\"WebSite\",\"@id\":\"https:\/\/www.lodesanalab.it\/#website\",\"url\":\"https:\/\/www.lodesanalab.it\/\",\"name\":\"Lodesana Lab\",\"description\":\"\",\"publisher\":{\"@id\":\"https:\/\/www.lodesanalab.it\/#organization\"},\"potentialAction\":[{\"@type\":\"SearchAction\",\"target\":{\"@type\":\"EntryPoint\",\"urlTemplate\":\"https:\/\/www.lodesanalab.it\/?s={search_term_string}\"},\"query-input\":\"required name=search_term_string\"}],\"inLanguage\":\"it-IT\"},{\"@type\":\"Organization\",\"@id\":\"https:\/\/www.lodesanalab.it\/#organization\",\"name\":\"Lodesana Lab\",\"url\":\"https:\/\/www.lodesanalab.it\/\",\"logo\":{\"@type\":\"ImageObject\",\"inLanguage\":\"it-IT\",\"@id\":\"https:\/\/www.lodesanalab.it\/#\/schema\/logo\/image\/\",\"url\":\"https:\/\/www.lodesanalab.it\/wp-content\/uploads\/2024\/01\/logo.png\",\"contentUrl\":\"https:\/\/www.lodesanalab.it\/wp-content\/uploads\/2024\/01\/logo.png\",\"width\":192,\"height\":192,\"caption\":\"Lodesana Lab\"},\"image\":{\"@id\":\"https:\/\/www.lodesanalab.it\/#\/schema\/logo\/image\/\"},\"sameAs\":[\"https:\/\/www.facebook.com\/lodesanalab\/\",\"https:\/\/youtube.com\/@lodesanalab1925?feature=shared\"]}]}<\/script>\n<!-- \/ Yoast SEO plugin. -->","yoast_head_json":{"title":"Comunit\u00e0 terapeutica - Lodesana Lab","robots":{"index":"index","follow":"follow","max-snippet":"max-snippet:-1","max-image-preview":"max-image-preview:large","max-video-preview":"max-video-preview:-1"},"canonical":"https:\/\/www.lodesanalab.it\/index.php\/comunita-terapeutica\/","og_locale":"it_IT","og_type":"article","og_title":"Comunit\u00e0 terapeutica - Lodesana Lab","og_description":"COMUNIT\u00e0 TERAPEUTICA Comunit\u00e0 Terapeutica La nostra Comunit\u00e0 Terapeutica &#8216;Casa di Lodesana&#8217; sorge all&#8217;interno di un podere sulle colline Fidentine, in Via Cabriolo 75. E&#8217; una struttura accreditata che ospita fino a 15 ospiti. E&#8217; dedicata a persone-utenti che, per la complessit\u00e0 delle loro problematiche sociosanitarie, richiedono un sostegno a carattere mediativo, attivativo, sussidiario personale e [&hellip;]","og_url":"https:\/\/www.lodesanalab.it\/index.php\/comunita-terapeutica\/","og_site_name":"Lodesana Lab","article_publisher":"https:\/\/www.facebook.com\/lodesanalab\/","article_modified_time":"2024-01-24T11:13:20+00:00","og_image":[{"url":"https:\/\/www.lodesanalab.it\/wp-content\/uploads\/2023\/08\/image00023-1-1-scaled.jpg"}],"twitter_card":"summary_large_image","twitter_misc":{"Tempo di lettura stimato":"2 minuti"},"schema":{"@context":"https:\/\/schema.org","@graph":[{"@type":"WebPage","@id":"https:\/\/www.lodesanalab.it\/index.php\/comunita-terapeutica\/","url":"https:\/\/www.lodesanalab.it\/index.php\/comunita-terapeutica\/","name":"Comunit\u00e0 terapeutica - Lodesana Lab","isPartOf":{"@id":"https:\/\/www.lodesanalab.it\/#website"},"primaryImageOfPage":{"@id":"https:\/\/www.lodesanalab.it\/index.php\/comunita-terapeutica\/#primaryimage"},"image":{"@id":"https:\/\/www.lodesanalab.it\/index.php\/comunita-terapeutica\/#primaryimage"},"thumbnailUrl":"https:\/\/www.lodesanalab.it\/wp-content\/uploads\/2023\/08\/image00023-1-1-scaled.jpg","datePublished":"2019-05-11T10:09:28+00:00","dateModified":"2024-01-24T11:13:20+00:00","breadcrumb":{"@id":"https:\/\/www.lodesanalab.it\/index.php\/comunita-terapeutica\/#breadcrumb"},"inLanguage":"it-IT","potentialAction":[{"@type":"ReadAction","target":["https:\/\/www.lodesanalab.it\/index.php\/comunita-terapeutica\/"]}]},{"@type":"ImageObject","inLanguage":"it-IT","@id":"https:\/\/www.lodesanalab.it\/index.php\/comunita-terapeutica\/#primaryimage","url":"https:\/\/www.lodesanalab.it\/wp-content\/uploads\/2023\/08\/image00023-1-1-scaled.jpg","contentUrl":"https:\/\/www.lodesanalab.it\/wp-content\/uploads\/2023\/08\/image00023-1-1-scaled.jpg"},{"@type":"BreadcrumbList","@id":"https:\/\/www.lodesanalab.it\/index.php\/comunita-terapeutica\/#breadcrumb","itemListElement":[{"@type":"ListItem","position":1,"name":"Home","item":"https:\/\/www.lodesanalab.it\/"},{"@type":"ListItem","position":2,"name":"Comunit\u00e0 terapeutica"}]},{"@type":"WebSite","@id":"https:\/\/www.lodesanalab.it\/#website","url":"https:\/\/www.lodesanalab.it\/","name":"Lodesana Lab","description":"","publisher":{"@id":"https:\/\/www.lodesanalab.it\/#organization"},"potentialAction":[{"@type":"SearchAction","target":{"@type":"EntryPoint","urlTemplate":"https:\/\/www.lodesanalab.it\/?s={search_term_string}"},"query-input":"required name=search_term_string"}],"inLanguage":"it-IT"},{"@type":"Organization","@id":"https:\/\/www.lodesanalab.it\/#organization","name":"Lodesana Lab","url":"https:\/\/www.lodesanalab.it\/","logo":{"@type":"ImageObject","inLanguage":"it-IT","@id":"https:\/\/www.lodesanalab.it\/#\/schema\/logo\/image\/","url":"https:\/\/www.lodesanalab.it\/wp-content\/uploads\/2024\/01\/logo.png","contentUrl":"https:\/\/www.lodesanalab.it\/wp-content\/uploads\/2024\/01\/logo.png","width":192,"height":192,"caption":"Lodesana Lab"},"image":{"@id":"https:\/\/www.lodesanalab.it\/#\/schema\/logo\/image\/"},"sameAs":["https:\/\/www.facebook.com\/lodesanalab\/","https:\/\/youtube.com\/@lodesanalab1925?feature=shared"]}]}},"_links":{"self":[{"href":"https:\/\/www.lodesanalab.it\/index.php\/wp-json\/wp\/v2\/pages\/2376"}],"collection":[{"href":"https:\/\/www.lodesanalab.it\/index.php\/wp-json\/wp\/v2\/pages"}],"about":[{"href":"https:\/\/www.lodesanalab.it\/index.php\/wp-json\/wp\/v2\/types\/page"}],"author":[{"embeddable":true,"href":"https:\/\/www.lodesanalab.it\/index.php\/wp-json\/wp\/v2\/users\/3"}],"replies":[{"embeddable":true,"href":"https:\/\/www.lodesanalab.it\/index.php\/wp-json\/wp\/v2\/comments?post=2376"}],"version-history":[{"count":15,"href":"https:\/\/www.lodesanalab.it\/index.php\/wp-json\/wp\/v2\/pages\/2376\/revisions"}],"predecessor-version":[{"id":3655,"href":"https:\/\/www.lodesanalab.it\/index.php\/wp-json\/wp\/v2\/pages\/2376\/revisions\/3655"}],"wp:attachment":[{"href":"https:\/\/www.lodesanalab.it\/index.php\/wp-json\/wp\/v2\/media?parent=2376"}],"curies":[{"name":"wp","href":"https:\/\/api.w.org\/{rel}","templated":true}]}}