{"id":2368,"date":"2019-05-11T12:03:59","date_gmt":"2019-05-11T10:03:59","guid":{"rendered":"https:\/\/www.lodesanalab.it\/?page_id=2368"},"modified":"2025-04-28T15:31:02","modified_gmt":"2025-04-28T13:31:02","slug":"volontari","status":"publish","type":"page","link":"https:\/\/www.lodesanalab.it\/index.php\/volontari\/","title":{"rendered":"Volontari"},"content":{"rendered":"\t\t<div data-elementor-type=\"wp-page\" data-elementor-id=\"2368\" class=\"elementor elementor-2368\">\n\t\t\t\t\t\t<section class=\"elementor-section elementor-top-section elementor-element elementor-element-28ed0bc4 elementor-section-full_width elementor-section-height-min-height elementor-section-height-default elementor-section-items-middle qodef-elementor-content-no\" data-id=\"28ed0bc4\" data-element_type=\"section\" data-settings=\"{&quot;background_background&quot;:&quot;slideshow&quot;,&quot;background_slideshow_gallery&quot;:[],&quot;background_slideshow_loop&quot;:&quot;yes&quot;,&quot;background_slideshow_slide_duration&quot;:5000,&quot;background_slideshow_slide_transition&quot;:&quot;fade&quot;,&quot;background_slideshow_transition_duration&quot;:500}\">\n\t\t\t\t\t\t\t<div class=\"elementor-background-overlay\"><\/div>\n\t\t\t\t\t\t\t<div class=\"elementor-container elementor-column-gap-default\">\n\t\t\t\t\t<div class=\"elementor-column elementor-col-100 elementor-top-column elementor-element elementor-element-8c650a7\" data-id=\"8c650a7\" data-element_type=\"column\">\n\t\t\t<div class=\"elementor-widget-wrap\">\n\t\t\t\t\t\t\t<\/div>\n\t\t<\/div>\n\t\t\t\t\t<\/div>\n\t\t<\/section>\n\t\t\t\t<section class=\"elementor-section elementor-top-section elementor-element elementor-element-5d02ed55 elementor-section-boxed elementor-section-height-default elementor-section-height-default qodef-elementor-content-no\" data-id=\"5d02ed55\" data-element_type=\"section\" data-settings=\"{&quot;background_background&quot;:&quot;classic&quot;}\">\n\t\t\t\t\t\t<div class=\"elementor-container elementor-column-gap-default\">\n\t\t\t\t\t<div class=\"elementor-column elementor-col-100 elementor-top-column elementor-element elementor-element-7e8b5b05\" data-id=\"7e8b5b05\" data-element_type=\"column\">\n\t\t\t<div class=\"elementor-widget-wrap elementor-element-populated\">\n\t\t\t\t\t\t<div class=\"elementor-element elementor-element-6fabc0ec elementor-widget elementor-widget-heading\" data-id=\"6fabc0ec\" data-element_type=\"widget\" data-widget_type=\"heading.default\">\n\t\t\t\t<div class=\"elementor-widget-container\">\n\t\t\t\t\t<h1 class=\"elementor-heading-title elementor-size-default\">VOLONTARI<\/h1>\t\t\t\t<\/div>\n\t\t\t\t<\/div>\n\t\t\t\t\t<\/div>\n\t\t<\/div>\n\t\t\t\t\t<\/div>\n\t\t<\/section>\n\t\t\t\t<section class=\"elementor-section elementor-top-section elementor-element elementor-element-303e3e59 elementor-section-boxed elementor-section-height-default elementor-section-height-default qodef-elementor-content-no\" data-id=\"303e3e59\" data-element_type=\"section\">\n\t\t\t\t\t\t<div class=\"elementor-container elementor-column-gap-default\">\n\t\t\t\t\t<div class=\"elementor-column elementor-col-100 elementor-top-column elementor-element elementor-element-3223e768\" data-id=\"3223e768\" data-element_type=\"column\">\n\t\t\t<div class=\"elementor-widget-wrap elementor-element-populated\">\n\t\t\t\t\t\t<div class=\"elementor-element elementor-element-80f6fe9 elementor-widget elementor-widget-spacer\" data-id=\"80f6fe9\" data-element_type=\"widget\" data-widget_type=\"spacer.default\">\n\t\t\t\t<div class=\"elementor-widget-container\">\n\t\t\t\t\t\t\t<div class=\"elementor-spacer\">\n\t\t\t<div class=\"elementor-spacer-inner\"><\/div>\n\t\t<\/div>\n\t\t\t\t\t\t<\/div>\n\t\t\t\t<\/div>\n\t\t\t\t\t<\/div>\n\t\t<\/div>\n\t\t\t\t\t<\/div>\n\t\t<\/section>\n\t\t\t\t<section class=\"elementor-section elementor-top-section elementor-element elementor-element-19b1a2ed elementor-section-boxed elementor-section-height-default elementor-section-height-default qodef-elementor-content-no\" data-id=\"19b1a2ed\" data-element_type=\"section\">\n\t\t\t\t\t\t<div class=\"elementor-container elementor-column-gap-default\">\n\t\t\t\t\t<div class=\"elementor-column elementor-col-100 elementor-top-column elementor-element elementor-element-411999fc\" data-id=\"411999fc\" data-element_type=\"column\">\n\t\t\t<div class=\"elementor-widget-wrap elementor-element-populated\">\n\t\t\t\t\t\t<div class=\"elementor-element elementor-element-5c4a4771 elementor-widget elementor-widget-accordion\" data-id=\"5c4a4771\" data-element_type=\"widget\" data-widget_type=\"accordion.default\">\n\t\t\t\t<div class=\"elementor-widget-container\">\n\t\t\t\t\t\t\t<div class=\"elementor-accordion\">\n\t\t\t\t\t\t\t<div class=\"elementor-accordion-item\">\n\t\t\t\t\t<div id=\"elementor-tab-title-1541\" class=\"elementor-tab-title\" data-tab=\"1\" role=\"button\" aria-controls=\"elementor-tab-content-1541\" aria-expanded=\"false\">\n\t\t\t\t\t\t\t\t\t\t\t\t\t<span class=\"elementor-accordion-icon elementor-accordion-icon-left\" aria-hidden=\"true\">\n\t\t\t\t\t\t\t\t\t\t\t\t\t\t\t<span class=\"elementor-accordion-icon-closed\"><i class=\"fas fa-plus\"><\/i><\/span>\n\t\t\t\t\t\t\t\t<span class=\"elementor-accordion-icon-opened\"><i class=\"fas fa-minus\"><\/i><\/span>\n\t\t\t\t\t\t\t\t\t\t\t\t\t\t<\/span>\n\t\t\t\t\t\t\t\t\t\t\t\t<a class=\"elementor-accordion-title\" tabindex=\"0\">Volontari<\/a>\n\t\t\t\t\t<\/div>\n\t\t\t\t\t<div id=\"elementor-tab-content-1541\" class=\"elementor-tab-content elementor-clearfix\" data-tab=\"1\" role=\"region\" aria-labelledby=\"elementor-tab-title-1541\"><p>Poche cose hanno un valore paragonabile al Tempo. Non pu\u00f2 essere comprato, non \u00e8 possibile fermarlo, non si pu\u00f2 comandare a nostro piacimento. Per questo quando lo regaliamo a qualcun altro diventa ancora pi\u00f9 prezioso, soprattutto se nasce da un sentimento di solidariet\u00e0 e desiderio di condivisione. I volontari dell'&#8221;Associazione Volontari di Lodesana&#8221; da sempre sono una risorsa fondamentale alla vita stessa dell&#8217;organizzazione e ci ricordano ogni giorno l&#8217;importanza della gratuit\u00e0 e della capacit\u00e0 di donarsi. Partecipare come &#8220;presenza amica&#8221; alle attivit\u00e0 della nostra struttura e dei nostri progetti non significa solo aiutare chi si trova in difficolt\u00e0, ma rappresenta anche un&#8217;occasione di maturazione e di crescita, arricchisce l&#8217; esperienza personale e permette di conoscere meglio se stessi. I volontari sono chiamati a favorire le relazioni e le socializzazioni degli ospiti, collaborare nella gestione delle strutture e dei progetti. In pi\u00f9 \u00e8 presente una verifica periodica e ad una formazione permanente: siamo molto attenti alla qualit\u00e0 del rapporto con gli utenti, per questo \u00e8 indispensabile essere costantemente preparati e poter contare sul supporto dell&#8217;\u00e8quipe educativa. Gli operatori stessi sono sempre a disposizione per chiarimenti, colloqui e confronti.<\/p><\/div>\n\t\t\t\t<\/div>\n\t\t\t\t\t\t\t<div class=\"elementor-accordion-item\">\n\t\t\t\t\t<div id=\"elementor-tab-title-1542\" class=\"elementor-tab-title\" data-tab=\"2\" role=\"button\" aria-controls=\"elementor-tab-content-1542\" aria-expanded=\"false\">\n\t\t\t\t\t\t\t\t\t\t\t\t\t<span class=\"elementor-accordion-icon elementor-accordion-icon-left\" aria-hidden=\"true\">\n\t\t\t\t\t\t\t\t\t\t\t\t\t\t\t<span class=\"elementor-accordion-icon-closed\"><i class=\"fas fa-plus\"><\/i><\/span>\n\t\t\t\t\t\t\t\t<span class=\"elementor-accordion-icon-opened\"><i class=\"fas fa-minus\"><\/i><\/span>\n\t\t\t\t\t\t\t\t\t\t\t\t\t\t<\/span>\n\t\t\t\t\t\t\t\t\t\t\t\t<a class=\"elementor-accordion-title\" tabindex=\"0\">Vuoi diventare volontario?<\/a>\n\t\t\t\t\t<\/div>\n\t\t\t\t\t<div id=\"elementor-tab-content-1542\" class=\"elementor-tab-content elementor-clearfix\" data-tab=\"2\" role=\"region\" aria-labelledby=\"elementor-tab-title-1542\"><div class=\"wp-block-columns has-2-columns is-layout-flex wp-container-core-columns-layout-1 wp-block-columns-is-layout-flex\"><div class=\"wp-block-column is-layout-flow wp-block-column-is-layout-flow\"><p>Se vuoi diventare un volontario, contattaci al numero <a href=\"tel:\/\/+39052483402\">0524-83402<\/a> oppure invia una mail a <a href=\"mailto:fondazione@casadilodesana.org\">fondazione@casadilodesana.org<\/a> per fissare un colloquio con i nostri operatori ed avere tutte le informazioni del caso.<\/p><\/div><\/div><\/div>\n\t\t\t\t<\/div>\n\t\t\t\t\t\t\t\t<\/div>\n\t\t\t\t\t\t<\/div>\n\t\t\t\t<\/div>\n\t\t\t\t\t<\/div>\n\t\t<\/div>\n\t\t\t\t\t<\/div>\n\t\t<\/section>\n\t\t\t\t<section class=\"elementor-section elementor-top-section elementor-element elementor-element-1dbe7e15 elementor-section-boxed elementor-section-height-default elementor-section-height-default qodef-elementor-content-no\" data-id=\"1dbe7e15\" data-element_type=\"section\">\n\t\t\t\t\t\t<div class=\"elementor-container elementor-column-gap-default\">\n\t\t\t\t\t<div class=\"elementor-column elementor-col-100 elementor-top-column elementor-element elementor-element-28b5b142\" data-id=\"28b5b142\" data-element_type=\"column\">\n\t\t\t<div class=\"elementor-widget-wrap elementor-element-populated\">\n\t\t\t\t\t\t<div class=\"elementor-element elementor-element-104928d7 elementor-widget elementor-widget-spacer\" data-id=\"104928d7\" data-element_type=\"widget\" data-widget_type=\"spacer.default\">\n\t\t\t\t<div class=\"elementor-widget-container\">\n\t\t\t\t\t\t\t<div class=\"elementor-spacer\">\n\t\t\t<div class=\"elementor-spacer-inner\"><\/div>\n\t\t<\/div>\n\t\t\t\t\t\t<\/div>\n\t\t\t\t<\/div>\n\t\t\t\t\t<\/div>\n\t\t<\/div>\n\t\t\t\t\t<\/div>\n\t\t<\/section>\n\t\t\t\t<section class=\"elementor-section elementor-top-section elementor-element elementor-element-44c3397a elementor-section-boxed elementor-section-height-default elementor-section-height-default qodef-elementor-content-no\" data-id=\"44c3397a\" data-element_type=\"section\">\n\t\t\t\t\t\t<div class=\"elementor-container elementor-column-gap-default\">\n\t\t\t\t\t<div class=\"elementor-column elementor-col-100 elementor-top-column elementor-element elementor-element-499b934e\" data-id=\"499b934e\" data-element_type=\"column\">\n\t\t\t<div class=\"elementor-widget-wrap elementor-element-populated\">\n\t\t\t\t\t\t<div class=\"elementor-element elementor-element-3f706982 elementor-widget elementor-widget-image-carousel\" data-id=\"3f706982\" data-element_type=\"widget\" data-settings=\"{&quot;navigation&quot;:&quot;none&quot;,&quot;autoplay&quot;:&quot;yes&quot;,&quot;pause_on_hover&quot;:&quot;yes&quot;,&quot;pause_on_interaction&quot;:&quot;yes&quot;,&quot;autoplay_speed&quot;:5000,&quot;infinite&quot;:&quot;yes&quot;,&quot;speed&quot;:500}\" data-widget_type=\"image-carousel.default\">\n\t\t\t\t<div class=\"elementor-widget-container\">\n\t\t\t\t\t\t\t<div class=\"elementor-image-carousel-wrapper swiper\" role=\"region\" aria-roledescription=\"carousel\" aria-label=\"Carosello d&#039;immagini\" dir=\"ltr\">\n\t\t\t<div class=\"elementor-image-carousel swiper-wrapper\" aria-live=\"off\">\n\t\t\t\t\t\t\t\t<div class=\"swiper-slide\" role=\"group\" aria-roledescription=\"slide\" aria-label=\"1 di 4\"><a data-elementor-open-lightbox=\"yes\" data-elementor-lightbox-slideshow=\"3f706982\" data-e-action-hash=\"#elementor-action%3Aaction%3Dlightbox%26settings%3DeyJpZCI6MzE3MywidXJsIjoiaHR0cHM6XC9cL3d3dy5sb2Rlc2FuYWxhYi5pdFwvd3AtY29udGVudFwvdXBsb2Fkc1wvMjAyM1wvMDhcL2ltYWdlMDAwMjMtMS0xLXNjYWxlZC5qcGciLCJzbGlkZXNob3ciOiIzZjcwNjk4MiJ9\" href=\"https:\/\/www.lodesanalab.it\/wp-content\/uploads\/2023\/08\/image00023-1-1-scaled.jpg\"><figure class=\"swiper-slide-inner\"><img decoding=\"async\" class=\"swiper-slide-image\" src=\"https:\/\/www.lodesanalab.it\/wp-content\/uploads\/2023\/08\/image00023-1-1-scaled.jpg\" alt=\"image00023-1\" \/><\/figure><\/a><\/div><div class=\"swiper-slide\" role=\"group\" aria-roledescription=\"slide\" aria-label=\"2 di 4\"><a data-elementor-open-lightbox=\"yes\" data-elementor-lightbox-slideshow=\"3f706982\" data-e-action-hash=\"#elementor-action%3Aaction%3Dlightbox%26settings%3DeyJpZCI6MzIwNCwidXJsIjoiaHR0cHM6XC9cL3d3dy5sb2Rlc2FuYWxhYi5pdFwvd3AtY29udGVudFwvdXBsb2Fkc1wvMjAyM1wvMDhcL1doYXRzQXBwLUltYWdlLTIwMTktMDctMDgtYXQtMTkuMDQuNTYtM18yLmpwZWciLCJzbGlkZXNob3ciOiIzZjcwNjk4MiJ9\" href=\"https:\/\/www.lodesanalab.it\/wp-content\/uploads\/2023\/08\/WhatsApp-Image-2019-07-08-at-19.04.56-3_2.jpeg\"><figure class=\"swiper-slide-inner\"><img decoding=\"async\" class=\"swiper-slide-image\" src=\"https:\/\/www.lodesanalab.it\/wp-content\/uploads\/2023\/08\/WhatsApp-Image-2019-07-08-at-19.04.56-3_2.jpeg\" alt=\"WhatsApp-Image-2019-07-08-at-19.04.56-3_2\" \/><\/figure><\/a><\/div><div class=\"swiper-slide\" role=\"group\" aria-roledescription=\"slide\" aria-label=\"3 di 4\"><a data-elementor-open-lightbox=\"yes\" data-elementor-lightbox-slideshow=\"3f706982\" data-e-action-hash=\"#elementor-action%3Aaction%3Dlightbox%26settings%3DeyJpZCI6MzIwMiwidXJsIjoiaHR0cHM6XC9cL3d3dy5sb2Rlc2FuYWxhYi5pdFwvd3AtY29udGVudFwvdXBsb2Fkc1wvMjAyM1wvMDhcL1doYXRzQXBwLUltYWdlLTIwMTktMDctMDgtYXQtMTkuMDQuNTYtMV8zLmpwZWciLCJzbGlkZXNob3ciOiIzZjcwNjk4MiJ9\" href=\"https:\/\/www.lodesanalab.it\/wp-content\/uploads\/2023\/08\/WhatsApp-Image-2019-07-08-at-19.04.56-1_3.jpeg\"><figure class=\"swiper-slide-inner\"><img decoding=\"async\" class=\"swiper-slide-image\" src=\"https:\/\/www.lodesanalab.it\/wp-content\/uploads\/2023\/08\/WhatsApp-Image-2019-07-08-at-19.04.56-1_3.jpeg\" alt=\"WhatsApp-Image-2019-07-08-at-19.04.56-1_3\" \/><\/figure><\/a><\/div><div class=\"swiper-slide\" role=\"group\" aria-roledescription=\"slide\" aria-label=\"4 di 4\"><a data-elementor-open-lightbox=\"yes\" data-elementor-lightbox-slideshow=\"3f706982\" data-e-action-hash=\"#elementor-action%3Aaction%3Dlightbox%26settings%3DeyJpZCI6MzE5NCwidXJsIjoiaHR0cHM6XC9cL3d3dy5sb2Rlc2FuYWxhYi5pdFwvd3AtY29udGVudFwvdXBsb2Fkc1wvMjAyM1wvMDhcL2ltYWdlMDAwMDktc2NhbGVkLmpwZyIsInNsaWRlc2hvdyI6IjNmNzA2OTgyIn0%3D\" href=\"https:\/\/www.lodesanalab.it\/wp-content\/uploads\/2023\/08\/image00009-scaled.jpg\"><figure class=\"swiper-slide-inner\"><img decoding=\"async\" class=\"swiper-slide-image\" src=\"https:\/\/www.lodesanalab.it\/wp-content\/uploads\/2023\/08\/image00009-scaled.jpg\" alt=\"image00009\" \/><\/figure><\/a><\/div>\t\t\t<\/div>\n\t\t\t\t\t\t\t\n\t\t\t\t\t\t\t\t\t<\/div>\n\t\t\t\t\t\t<\/div>\n\t\t\t\t<\/div>\n\t\t\t\t<div class=\"elementor-element elementor-element-6082a0bf elementor-widget elementor-widget-spacer\" data-id=\"6082a0bf\" data-element_type=\"widget\" data-widget_type=\"spacer.default\">\n\t\t\t\t<div class=\"elementor-widget-container\">\n\t\t\t\t\t\t\t<div class=\"elementor-spacer\">\n\t\t\t<div class=\"elementor-spacer-inner\"><\/div>\n\t\t<\/div>\n\t\t\t\t\t\t<\/div>\n\t\t\t\t<\/div>\n\t\t\t\t\t<\/div>\n\t\t<\/div>\n\t\t\t\t\t<\/div>\n\t\t<\/section>\n\t\t\t\t<\/div>\n\t\t","protected":false},"excerpt":{"rendered":"<p>VOLONTARI Volontari Poche cose hanno un valore paragonabile al Tempo. Non pu\u00f2 essere comprato, non \u00e8 possibile fermarlo, non si pu\u00f2 comandare a nostro piacimento. Per questo quando lo regaliamo a qualcun altro diventa ancora pi\u00f9 prezioso, soprattutto se nasce da un sentimento di solidariet\u00e0 e desiderio di condivisione. I volontari dell&#8217;&#8221;Associazione Volontari di Lodesana&#8221; [&hellip;]<\/p>\n","protected":false},"author":3,"featured_media":0,"parent":0,"menu_order":0,"comment_status":"closed","ping_status":"closed","template":"elementor_header_footer","meta":{"footnotes":""},"yoast_head":"<!-- This site is optimized with the Yoast SEO plugin v23.3 - https:\/\/yoast.com\/wordpress\/plugins\/seo\/ -->\n<title>Volontari - Lodesana Lab<\/title>\n<meta name=\"robots\" content=\"index, follow, max-snippet:-1, max-image-preview:large, max-video-preview:-1\" \/>\n<link rel=\"canonical\" href=\"https:\/\/www.lodesanalab.it\/index.php\/volontari\/\" \/>\n<meta property=\"og:locale\" content=\"it_IT\" \/>\n<meta property=\"og:type\" content=\"article\" \/>\n<meta property=\"og:title\" content=\"Volontari - Lodesana Lab\" \/>\n<meta property=\"og:description\" content=\"VOLONTARI Volontari Poche cose hanno un valore paragonabile al Tempo. Non pu\u00f2 essere comprato, non \u00e8 possibile fermarlo, non si pu\u00f2 comandare a nostro piacimento. Per questo quando lo regaliamo a qualcun altro diventa ancora pi\u00f9 prezioso, soprattutto se nasce da un sentimento di solidariet\u00e0 e desiderio di condivisione. I volontari dell&#8217;&#8221;Associazione Volontari di Lodesana&#8221; [&hellip;]\" \/>\n<meta property=\"og:url\" content=\"https:\/\/www.lodesanalab.it\/index.php\/volontari\/\" \/>\n<meta property=\"og:site_name\" content=\"Lodesana Lab\" \/>\n<meta property=\"article:publisher\" content=\"https:\/\/www.facebook.com\/lodesanalab\/\" \/>\n<meta property=\"article:modified_time\" content=\"2025-04-28T13:31:02+00:00\" \/>\n<meta property=\"og:image\" content=\"https:\/\/www.lodesanalab.it\/wp-content\/uploads\/2023\/08\/image00023-1-1-scaled.jpg\" \/>\n<meta name=\"twitter:card\" content=\"summary_large_image\" \/>\n<meta name=\"twitter:label1\" content=\"Tempo di lettura stimato\" \/>\n\t<meta name=\"twitter:data1\" content=\"4 minuti\" \/>\n<script type=\"application\/ld+json\" class=\"yoast-schema-graph\">{\"@context\":\"https:\/\/schema.org\",\"@graph\":[{\"@type\":\"WebPage\",\"@id\":\"https:\/\/www.lodesanalab.it\/index.php\/volontari\/\",\"url\":\"https:\/\/www.lodesanalab.it\/index.php\/volontari\/\",\"name\":\"Volontari - Lodesana Lab\",\"isPartOf\":{\"@id\":\"https:\/\/www.lodesanalab.it\/#website\"},\"primaryImageOfPage\":{\"@id\":\"https:\/\/www.lodesanalab.it\/index.php\/volontari\/#primaryimage\"},\"image\":{\"@id\":\"https:\/\/www.lodesanalab.it\/index.php\/volontari\/#primaryimage\"},\"thumbnailUrl\":\"https:\/\/www.lodesanalab.it\/wp-content\/uploads\/2023\/08\/image00023-1-1-scaled.jpg\",\"datePublished\":\"2019-05-11T10:03:59+00:00\",\"dateModified\":\"2025-04-28T13:31:02+00:00\",\"breadcrumb\":{\"@id\":\"https:\/\/www.lodesanalab.it\/index.php\/volontari\/#breadcrumb\"},\"inLanguage\":\"it-IT\",\"potentialAction\":[{\"@type\":\"ReadAction\",\"target\":[\"https:\/\/www.lodesanalab.it\/index.php\/volontari\/\"]}]},{\"@type\":\"ImageObject\",\"inLanguage\":\"it-IT\",\"@id\":\"https:\/\/www.lodesanalab.it\/index.php\/volontari\/#primaryimage\",\"url\":\"https:\/\/www.lodesanalab.it\/wp-content\/uploads\/2023\/08\/image00023-1-1-scaled.jpg\",\"contentUrl\":\"https:\/\/www.lodesanalab.it\/wp-content\/uploads\/2023\/08\/image00023-1-1-scaled.jpg\"},{\"@type\":\"BreadcrumbList\",\"@id\":\"https:\/\/www.lodesanalab.it\/index.php\/volontari\/#breadcrumb\",\"itemListElement\":[{\"@type\":\"ListItem\",\"position\":1,\"name\":\"Home\",\"item\":\"https:\/\/www.lodesanalab.it\/\"},{\"@type\":\"ListItem\",\"position\":2,\"name\":\"Volontari\"}]},{\"@type\":\"WebSite\",\"@id\":\"https:\/\/www.lodesanalab.it\/#website\",\"url\":\"https:\/\/www.lodesanalab.it\/\",\"name\":\"Lodesana Lab\",\"description\":\"\",\"publisher\":{\"@id\":\"https:\/\/www.lodesanalab.it\/#organization\"},\"potentialAction\":[{\"@type\":\"SearchAction\",\"target\":{\"@type\":\"EntryPoint\",\"urlTemplate\":\"https:\/\/www.lodesanalab.it\/?s={search_term_string}\"},\"query-input\":\"required name=search_term_string\"}],\"inLanguage\":\"it-IT\"},{\"@type\":\"Organization\",\"@id\":\"https:\/\/www.lodesanalab.it\/#organization\",\"name\":\"Lodesana Lab\",\"url\":\"https:\/\/www.lodesanalab.it\/\",\"logo\":{\"@type\":\"ImageObject\",\"inLanguage\":\"it-IT\",\"@id\":\"https:\/\/www.lodesanalab.it\/#\/schema\/logo\/image\/\",\"url\":\"https:\/\/www.lodesanalab.it\/wp-content\/uploads\/2024\/01\/logo.png\",\"contentUrl\":\"https:\/\/www.lodesanalab.it\/wp-content\/uploads\/2024\/01\/logo.png\",\"width\":192,\"height\":192,\"caption\":\"Lodesana Lab\"},\"image\":{\"@id\":\"https:\/\/www.lodesanalab.it\/#\/schema\/logo\/image\/\"},\"sameAs\":[\"https:\/\/www.facebook.com\/lodesanalab\/\",\"https:\/\/youtube.com\/@lodesanalab1925?feature=shared\"]}]}<\/script>\n<!-- \/ Yoast SEO plugin. -->","yoast_head_json":{"title":"Volontari - Lodesana Lab","robots":{"index":"index","follow":"follow","max-snippet":"max-snippet:-1","max-image-preview":"max-image-preview:large","max-video-preview":"max-video-preview:-1"},"canonical":"https:\/\/www.lodesanalab.it\/index.php\/volontari\/","og_locale":"it_IT","og_type":"article","og_title":"Volontari - Lodesana Lab","og_description":"VOLONTARI Volontari Poche cose hanno un valore paragonabile al Tempo. Non pu\u00f2 essere comprato, non \u00e8 possibile fermarlo, non si pu\u00f2 comandare a nostro piacimento. Per questo quando lo regaliamo a qualcun altro diventa ancora pi\u00f9 prezioso, soprattutto se nasce da un sentimento di solidariet\u00e0 e desiderio di condivisione. I volontari dell&#8217;&#8221;Associazione Volontari di Lodesana&#8221; [&hellip;]","og_url":"https:\/\/www.lodesanalab.it\/index.php\/volontari\/","og_site_name":"Lodesana Lab","article_publisher":"https:\/\/www.facebook.com\/lodesanalab\/","article_modified_time":"2025-04-28T13:31:02+00:00","og_image":[{"url":"https:\/\/www.lodesanalab.it\/wp-content\/uploads\/2023\/08\/image00023-1-1-scaled.jpg"}],"twitter_card":"summary_large_image","twitter_misc":{"Tempo di lettura stimato":"4 minuti"},"schema":{"@context":"https:\/\/schema.org","@graph":[{"@type":"WebPage","@id":"https:\/\/www.lodesanalab.it\/index.php\/volontari\/","url":"https:\/\/www.lodesanalab.it\/index.php\/volontari\/","name":"Volontari - Lodesana Lab","isPartOf":{"@id":"https:\/\/www.lodesanalab.it\/#website"},"primaryImageOfPage":{"@id":"https:\/\/www.lodesanalab.it\/index.php\/volontari\/#primaryimage"},"image":{"@id":"https:\/\/www.lodesanalab.it\/index.php\/volontari\/#primaryimage"},"thumbnailUrl":"https:\/\/www.lodesanalab.it\/wp-content\/uploads\/2023\/08\/image00023-1-1-scaled.jpg","datePublished":"2019-05-11T10:03:59+00:00","dateModified":"2025-04-28T13:31:02+00:00","breadcrumb":{"@id":"https:\/\/www.lodesanalab.it\/index.php\/volontari\/#breadcrumb"},"inLanguage":"it-IT","potentialAction":[{"@type":"ReadAction","target":["https:\/\/www.lodesanalab.it\/index.php\/volontari\/"]}]},{"@type":"ImageObject","inLanguage":"it-IT","@id":"https:\/\/www.lodesanalab.it\/index.php\/volontari\/#primaryimage","url":"https:\/\/www.lodesanalab.it\/wp-content\/uploads\/2023\/08\/image00023-1-1-scaled.jpg","contentUrl":"https:\/\/www.lodesanalab.it\/wp-content\/uploads\/2023\/08\/image00023-1-1-scaled.jpg"},{"@type":"BreadcrumbList","@id":"https:\/\/www.lodesanalab.it\/index.php\/volontari\/#breadcrumb","itemListElement":[{"@type":"ListItem","position":1,"name":"Home","item":"https:\/\/www.lodesanalab.it\/"},{"@type":"ListItem","position":2,"name":"Volontari"}]},{"@type":"WebSite","@id":"https:\/\/www.lodesanalab.it\/#website","url":"https:\/\/www.lodesanalab.it\/","name":"Lodesana Lab","description":"","publisher":{"@id":"https:\/\/www.lodesanalab.it\/#organization"},"potentialAction":[{"@type":"SearchAction","target":{"@type":"EntryPoint","urlTemplate":"https:\/\/www.lodesanalab.it\/?s={search_term_string}"},"query-input":"required name=search_term_string"}],"inLanguage":"it-IT"},{"@type":"Organization","@id":"https:\/\/www.lodesanalab.it\/#organization","name":"Lodesana Lab","url":"https:\/\/www.lodesanalab.it\/","logo":{"@type":"ImageObject","inLanguage":"it-IT","@id":"https:\/\/www.lodesanalab.it\/#\/schema\/logo\/image\/","url":"https:\/\/www.lodesanalab.it\/wp-content\/uploads\/2024\/01\/logo.png","contentUrl":"https:\/\/www.lodesanalab.it\/wp-content\/uploads\/2024\/01\/logo.png","width":192,"height":192,"caption":"Lodesana Lab"},"image":{"@id":"https:\/\/www.lodesanalab.it\/#\/schema\/logo\/image\/"},"sameAs":["https:\/\/www.facebook.com\/lodesanalab\/","https:\/\/youtube.com\/@lodesanalab1925?feature=shared"]}]}},"_links":{"self":[{"href":"https:\/\/www.lodesanalab.it\/index.php\/wp-json\/wp\/v2\/pages\/2368"}],"collection":[{"href":"https:\/\/www.lodesanalab.it\/index.php\/wp-json\/wp\/v2\/pages"}],"about":[{"href":"https:\/\/www.lodesanalab.it\/index.php\/wp-json\/wp\/v2\/types\/page"}],"author":[{"embeddable":true,"href":"https:\/\/www.lodesanalab.it\/index.php\/wp-json\/wp\/v2\/users\/3"}],"replies":[{"embeddable":true,"href":"https:\/\/www.lodesanalab.it\/index.php\/wp-json\/wp\/v2\/comments?post=2368"}],"version-history":[{"count":21,"href":"https:\/\/www.lodesanalab.it\/index.php\/wp-json\/wp\/v2\/pages\/2368\/revisions"}],"predecessor-version":[{"id":4028,"href":"https:\/\/www.lodesanalab.it\/index.php\/wp-json\/wp\/v2\/pages\/2368\/revisions\/4028"}],"wp:attachment":[{"href":"https:\/\/www.lodesanalab.it\/index.php\/wp-json\/wp\/v2\/media?parent=2368"}],"curies":[{"name":"wp","href":"https:\/\/api.w.org\/{rel}","templated":true}]}}